{"id":1367,"date":"2018-10-02T14:45:48","date_gmt":"2018-10-02T13:45:48","guid":{"rendered":"https:\/\/www.soluto.cc\/?page_id=1367"},"modified":"2026-04-08T11:15:25","modified_gmt":"2026-04-08T10:15:25","slug":"agb","status":"publish","type":"page","link":"https:\/\/www.soluto.cc\/de\/agb\/","title":{"rendered":"AGB"},"content":{"rendered":"<p>[et_pb_section fb_built=&#8220;1&#8243; _builder_version=&#8220;4.16&#8243; global_colors_info=&#8220;{}&#8220;][et_pb_row _builder_version=&#8220;4.16&#8243; background_size=&#8220;initial&#8220; background_position=&#8220;top_left&#8220; background_repeat=&#8220;repeat&#8220; global_colors_info=&#8220;{}&#8220;][et_pb_column type=&#8220;4_4&#8243; _builder_version=&#8220;4.16&#8243; custom_padding=&#8220;|||&#8220; global_colors_info=&#8220;{}&#8220; custom_padding__hover=&#8220;|||&#8220;][et_pb_text admin_label=&#8220;Datenschutz \u00dcberschrift Soluto GmbH&#8220; _builder_version=&#8220;4.16&#8243; text_font_size=&#8220;35px&#8220; text_letter_spacing=&#8220;2px&#8220; global_colors_info=&#8220;{}&#8220;]<\/p>\n<p style=\"text-align: center;\"><strong>Allgemeine\u00a0<\/strong><b>Gesch\u00e4ftsbedingungen<\/b><\/p>\n<p>[\/et_pb_text][\/et_pb_column][\/et_pb_row][et_pb_row _builder_version=&#8220;4.16&#8243; global_colors_info=&#8220;{}&#8220;][et_pb_column type=&#8220;4_4&#8243; _builder_version=&#8220;4.16&#8243; custom_padding=&#8220;|||&#8220; global_colors_info=&#8220;{}&#8220; custom_padding__hover=&#8220;|||&#8220;][et_pb_text admin_label=&#8220;Verantwortlicher&#8220; _builder_version=&#8220;4.27.4&#8243; hover_enabled=&#8220;0&#8243; global_colors_info=&#8220;{}&#8220; sticky_enabled=&#8220;0&#8243;]<\/p>\n<p><strong>Verantwortlicher: <\/strong>SOLUTO Vertriebs GmbH<br \/>Zagler Stra\u00dfe 4, 2111 Tresdorf<br \/><a href=\"mailto:ckoehler@tab-austria.com\">franchise@soluto.cc<\/a><br \/>+43 2262 72660<\/p>\n<p>[\/et_pb_text][\/et_pb_column][\/et_pb_row][et_pb_row _builder_version=&#8220;4.16&#8243; background_size=&#8220;initial&#8220; background_position=&#8220;top_left&#8220; background_repeat=&#8220;repeat&#8220; global_colors_info=&#8220;{}&#8220;][et_pb_column type=&#8220;4_4&#8243; _builder_version=&#8220;4.16&#8243; custom_padding=&#8220;|||&#8220; global_colors_info=&#8220;{}&#8220; custom_padding__hover=&#8220;|||&#8220;][et_pb_text _builder_version=&#8220;4.16&#8243; global_colors_info=&#8220;{}&#8220;]<strong>1. Geltungsbereich<\/strong><br \/>\n1.1. Diese AGB sind unbeschadet abweichender schriftlicher Vereinbarungen im Einzelfall Bestandteil s\u00e4mtlicher Gesch\u00e4fte des AN.<\/p>\n<p><strong>2. Allgemeines<\/strong><br \/>\n2.1. Als Vertragsbestandteil gelten bei Widerspr\u00fcchen in nachstehender Reihenfolge:<br \/>\n1. der Bauwerkvertrag;<br \/>\n2. Bau- und Leistungsbeschreibung;<br \/>\n3. Pl\u00e4ne, Zeichnungen, Beschreibungen und andere Ausf\u00fchrungsunterlagen;<br \/>\n4. diese Allgemeinen Vertragsbedingungen;<br \/>\n5. \u00d6NORMEN: A 2060 und B 2110 in den letztg\u00fcltigen Fassungen und<br \/>\n6. die einschl\u00e4gigen technischen \u00d6NORMEN und DIN-NORMEN.<br \/>\n2.2. In der Folge wird der Auftraggeber \u201eAG\u201c, der Anbotsteller bzw Auftragnehmer, dh SOLUTO, \u201eAN\u201c genannt.<\/p>\n<p><strong>3. Angebote \/ Vertragsabschluss<\/strong><br \/>\n3.1. Die Anbotslegung erfolgt f\u00fcr den AG kostenlos und versteht sich bis zum Abschluss eines Vertrages als freibleibend und unverbindlich f\u00fcr beide Vertragsparteien.<br \/>\n3.2. Der AN leistet keine Gew\u00e4hr f\u00fcr die Richtigkeit und Vollst\u00e4ndigkeit seiner Angebote.<br \/>\n3.3. Der AN ist l\u00e4ngstens 3 Monate ab Ausstellungsdatum an sein Angebot gebunden.<br \/>\n3.4. Ein Vertrag kommt erst mit der schriftlichen Auftragsbest\u00e4tigung des AN oder durch Lieferung\/Leistung des AN zustande. Stillschweigen alleine gilt nicht als Annahme eines Auftrages. Der AG ist verpflichtet, die Auftragsbest\u00e4tigung unverz\u00fcglich zu pr\u00fcfen. Weicht die Auftragsbest\u00e4tigung von der Bestellung ab, so gilt diese als vom AG genehmigt, sofern er nicht binnen einer Frist von 3 Tagen schriftlich Gegenteiliges mitteilt.<br \/>\n3.5. Der wesentliche Inhalt und Umfang des Auftrages ergibt sich aus der Auftragsbest\u00e4tigung.<\/p>\n<p><strong>4. Arbeitserfolg \/ Geschuldete Leistung<\/strong><br \/>\n4.1. Der AN verpflichtet sich zur ordnungsgem\u00e4\u00dfen Durchf\u00fchrung des ihm erteilten Auftrages nach den allgemein anerkannten Regeln der Technik und den Grunds\u00e4tzen der Wirtschaftlichkeit.<br \/>\n4.2. Der AN schuldet die Ausf\u00fchrung der vereinbarten T\u00e4tigkeiten. Der AG nimmt zur Kenntnis, dass ein Leistungserfolg vom AN nicht geschuldet wird.<\/p>\n<p><strong>5. Preise<\/strong><br \/>\n5.1. F\u00fcr s\u00e4mtliche Leistungen gelten Festpreise auf Baudauer als vereinbart, wenn im Bauwerkvertrag oder im LV nichts anderes vorgesehen ist.<br \/>\n5.2. Die Verg\u00fctung der Leistungen erfolgt, wenn im Werkvertrag oder im LV nichts anderes angef\u00fchrt ist, nach Einheitspreisen gem\u00e4\u00df \u00d6NORM A 2050.<br \/>\n5.3. Die Einheitspreise beinhalten die vollst\u00e4ndige, fachgerechte Herstellung der Positionsleistungen einschlie\u00dflich aller etwa erforderlichen Nebenkosten, Nebenleistungen und Zuschl\u00e4ge.<br \/>\n5.4. Der AN beh\u00e4lt sich \u2013 auch nach erfolgter Auftragsbest\u00e4tigung \u2013 vor, im Falle der Erh\u00f6hung ma\u00dfgeblicher Material-, Rohstoff- oder Lieferantenpreise, der Erh\u00f6hung von Personalkosten aufgrund zwingender gesetzlicher oder kollektivvertraglicher Bestimmungen, der \u00c4nderung von Devisenkursen und -bestimmungen, der Erh\u00f6hung von Abgaben oder der Erh\u00f6hung von Transport- oder Zulieferkosten die Preise zum Stand des Tages der Abnahme des Werkes zu erh\u00f6hen.<\/p>\n<p><strong>6. Zus\u00e4tzliche Leistungen<\/strong><br \/>\n6.1. Werden preiserh\u00f6hende \u00c4nderungen der vereinbarten Leistungen oder zus\u00e4tzliche Leistungen, welche im LV nicht vorgesehen sind, erforderlich oder vom AG verlangt, so werden diese zus\u00e4tzlich in Rechnung gestellt. Nach M\u00f6glichkeit wird der AN daf\u00fcr vorab ein Angebot \u00fcbermitteln.<\/p>\n<p><strong>7. Regiearbeiten<\/strong><br \/>\n7.1. Regiearbeiten werden nach Aufwand und nach dem angebotenen Regie-Stundensatz verrechnet.<\/p>\n<p><strong>8. Subunternehmer<\/strong><br \/>\n8.1. Der AN ist berechtigt, alle Teilleistungen an Subunternehmer im eigenen Namen und auf eigene Rechnung weiterzugeben.<\/p>\n<p><strong>9. Terminplan \/Leistungsfristen<\/strong><br \/>\n9.1. Leistungsfristen verstehen sich stets als voraussichtlich, auch wenn dies nicht ausdr\u00fccklich erw\u00e4hnt ist. Der AN wird sich jedoch bem\u00fchen, Leistungstermine einzuhalten.<br \/>\n9.2. Zusatzleistungen laut Auftrag des AG oder aufgrund von nicht beeinflussbaren Faktoren verl\u00e4ngern die Bauzeit in dementsprechenden Umfang.<\/p>\n<p><strong>10. Teilrechnungen<\/strong><br \/>\n10.1. Der AN ist berechtigt, Teilrechnungen nach Baufortschritt zu legen.<br \/>\n11. Zahlung<br \/>\n11.1. Falls nicht anders schriftlich vereinbart, ist die Zahlung binnen acht Tagen nach Rechnungserhalt ohne Abzug f\u00e4llig. Ein Skontoabzug ist unzul\u00e4ssig.<br \/>\n11.2. Einwendungen gegen die in Rechnung gestellten Forderungen sind vom AG innerhalb von 10 Tagen ab Rechnungserhalt zu erheben, andernfalls die Forderung als anerkannt gilt.<br \/>\n11.3. Ab F\u00e4lligkeit gelten Verzugszinsen in H\u00f6he von 12 %, gegen\u00fcber Verbrauchern in H\u00f6he von 5%, als vereinbart. Der AG hat dem AN als weiteren Verzugsschaden die entstandenen Mahn- und Betreibungskosten (zB Anwaltskosten, Kosten von Inkassob\u00fcros, etc) zu ersetzen.<\/p>\n<p><strong>12. Verzug<\/strong><br \/>\n12.1. Ist der AG mit der Bezahlung von Teilrechnungen trotz Setzung einer Nachfrist von acht Tagen in Verzug, ist der AN berechtigt, die weitere Bauausf\u00fchrung einzustellen und vom Vertrag zur\u00fcckzutreten sowie Schadenersatz zu fordern.<\/p>\n<p><strong>13. Storno<\/strong><br \/>\n13.1. Der AG ist nicht berechtigt, den Vertrag ganz oder teilweise zu stornieren.<br \/>\n13.2. F\u00fcr den Fall, dass der AN im Einzelfall eine Stornierung akzeptiert, verpflichtet sich der AG zur Zahlung eines pauschalierten P\u00f6nales in H\u00f6he von 30% der Auftragssumme an den AN. Die Geltendmachung eines h\u00f6heren Schadens bleibt vorbehalten.<\/p>\n<p><strong>14. Eigentumsvorbehalt<\/strong><br \/>\n14.1. Bis zur vollst\u00e4ndigen Erf\u00fcllung s\u00e4mtlicher finanziellen Verpflichtungen des AG beh\u00e4lt sich der AN das Eigentumsrecht an s\u00e4mtlichen Werken, Waren, Materialien etc. vor.<\/p>\n<p><strong>15. Mitwirkungspflicht<\/strong><br \/>\n15.1. Der AG ist verpflichtet, den AN im Rahmen seiner Auftragserf\u00fcllung zu unterst\u00fctzen und unterliegt diesbez\u00fcglich einer Mitwirkungspflicht, wie zB Zugang zu Leistungen u\u00c4 zu erm\u00f6glichen. F\u00fcr den Fall, dass der AG seiner Mitwirkungspflicht nicht nachkommt, ist der AN berechtigt, dem AG die ihm dadurch entstandenen Zusatzkosten, zB frustrierte Anreise, in Rechnung zu stellen.<\/p>\n<p><strong>16. \u00dcbergabe und \u00dcbernahme<\/strong><br \/>\n16.1. Die f\u00f6rmliche \u00dcbergabe des Werkes erfolgt durch Aufnahme eines \u00dcbergabeprotokolls.<br \/>\n16.2. Erscheint der AG oder ein bevollm\u00e4chtigter Vertreter zur \u00dcbergabe nicht, so ist der AN berechtigt, die \u00dcbergabe durch \u00dcbersendung eines Protokolls vorzunehmen.<\/p>\n<p><strong>17. Haftung<\/strong><br \/>\n17.1. Die Haftung des AN ist auf solche Sch\u00e4den beschr\u00e4nkt, die nachweislich vom AN vors\u00e4tzlich oder zumindest grob fahrl\u00e4ssig verursacht werden. Die Haftung des AN ist mit dem Auftragswert limitiert.<br \/>\n17.2. Der Ersatz von Sch\u00e4den des AG wegen versp\u00e4teter Lieferung oder Verbesserungsverzuges, von Mangelfolgesch\u00e4den, blo\u00dfen Verm\u00f6genssch\u00e4den, entgangenem Gewinn und von Sch\u00e4den Dritter oder jeden anderen wirtschaftlichen oder indirekten Folgeschaden, ist in jedem Fall ausgeschlossen.<br \/>\n17.3. Anspr\u00fcche auf Ersatz von Sch\u00e4den m\u00fcssen in jedem Fall bei sonstigem Ausschluss l\u00e4ngstens innerhalb eines Jahres ab tats\u00e4chlicher \u00dcbernahme des Werkes durch den AG oder dessen Vertreter gerichtlich geltend gemacht werden.<\/p>\n<p><strong>18. Datenschutz<\/strong><br \/>\n18.1. Der AN verarbeitet die Daten des AG soweit f\u00fcr die Auftragsabwicklung erforderlich bzw im Rahmen allenfalls erteilter Einwilligungserkl\u00e4rungen. Die Datenschutzerkl\u00e4rung, die s\u00e4mtliche Informationen \u00fcber die Verwendung von Kundendaten enth\u00e4lt, kann jederzeit unter https:\/\/www.soluto.cc\/home\/datenschutz\/ abgerufen werden. In dieser Datenschutzerkl\u00e4rung ist auch die Aufkl\u00e4rung \u00fcber die betroffenen Rechte enthalten und n\u00e4here Informationen \u00fcber die Datenfl\u00fcsse.<\/p>\n<p><strong>19. Gerichtsstand, anwendbares Recht, Erf\u00fcllungsort<\/strong><br \/>\n19.1. F\u00fcr s\u00e4mtliche Streitigkeiten aus diesem Vertrag wird das f\u00fcr den Sitz des AN sachlich und \u00f6rtlich zust\u00e4ndige Gericht vereinbart.<br \/>\n19.2. F\u00fcr den Vertrag und alle sich daraus oder im Zusammenhang mit diesem ergebenden Anspr\u00fcche gilt die Anwendung materiellen und formellen \u00f6sterreichischen Rechtes als vereinbart.<br \/>\n19.3. F\u00fcr Leistungen und Zahlungen gilt als Erf\u00fcllungsort der Sitz des AN, auch dann, wenn die \u00dcbergabe vereinbarungsgem\u00e4\u00df an einem anderen Ort erfolgt.<\/p>\n<p><strong>20. Sonstiges<\/strong><br \/>\n20.1. Zusagen des AN, \u00c4nderungen des Vertrages, s\u00e4mtliche Vereinbarungen, Erg\u00e4nzungen, Nebenabreden etc bed\u00fcrfen zu ihrer Rechtswirksamkeit in jedem einzelnen Fall der schriftlichen Best\u00e4tigung durch den AN. Es gen\u00fcgt auch die \u00dcbermittlung per Telefax und E-Mail diesem Erfordernis.<br \/>\n20.2. Mitarbeiter des AN sind nicht zur Abgabe von Zusagen welcher Art auch immer erm\u00e4chtigt.<br \/>\n20.3. Der AG ist nicht berechtigt, mit Gegenforderungen aufzurechnen.<br \/>\n20.4. Nichtigkeit oder Unwirksamkeit einzelner Bestimmungen dieser AGB und des Vertrages ber\u00fchrt nicht die Rechtswirksamkeit der \u00fcbrigen Bestimmungen; diesfalls gelten jene Vereinbarungen als getroffen, welche rechtswirksam sind und der urspr\u00fcnglichen Zielsetzung des AN am n\u00e4chsten kommen.<br \/>\n[\/et_pb_text][\/et_pb_column][\/et_pb_row][\/et_pb_section][et_pb_section fb_built=&#8220;1&#8243; module_class=&#8220;diagonal-shadow nospace&#8220; _builder_version=&#8220;4.16&#8243; global_colors_info=&#8220;{}&#8220;][et_pb_row _builder_version=&#8220;4.16&#8243; custom_css_main_element=&#8220; padding: 28px 0 !important;&#8220; global_colors_info=&#8220;{}&#8220;][et_pb_column type=&#8220;4_4&#8243; _builder_version=&#8220;4.16&#8243; custom_padding=&#8220;|||&#8220; global_colors_info=&#8220;{}&#8220; custom_padding__hover=&#8220;|||&#8220;][\/et_pb_column][\/et_pb_row][\/et_pb_section]<\/p>\n","protected":false},"excerpt":{"rendered":"<p>Allgemeine\u00a0Gesch\u00e4ftsbedingungen Verantwortlicher: SOLUTO Vertriebs GmbHZagler Stra\u00dfe 4, 2111 Tresdorffranchise@soluto.cc+43 2262 726601. Geltungsbereich 1.1. Diese AGB sind unbeschadet abweichender schriftlicher Vereinbarungen im Einzelfall Bestandteil s\u00e4mtlicher Gesch\u00e4fte des AN. 2. Allgemeines 2.1. Als Vertragsbestandteil gelten bei Widerspr\u00fcchen in nachstehender Reihenfolge: 1. der Bauwerkvertrag; 2. Bau- und Leistungsbeschreibung; 3. Pl\u00e4ne, Zeichnungen, Beschreibungen und andere Ausf\u00fchrungsunterlagen; 4. diese Allgemeinen [&hellip;]<\/p>\n","protected":false},"author":2,"featured_media":0,"parent":0,"menu_order":0,"comment_status":"closed","ping_status":"closed","template":"","meta":{"_et_pb_use_builder":"on","_et_pb_old_content":"","_et_gb_content_width":"","om_disable_all_campaigns":false,"_sitemap_exclude":false,"_sitemap_priority":"","_sitemap_frequency":"","_monsterinsights_skip_tracking":false,"_monsterinsights_sitenote_active":false,"_monsterinsights_sitenote_note":"","_monsterinsights_sitenote_category":0,"footnotes":""},"class_list":["post-1367","page","type-page","status-publish","hentry"],"yoast_head":"<!-- This site is optimized with the Yoast SEO plugin v25.5 - https:\/\/yoast.com\/wordpress\/plugins\/seo\/ -->\n<title>AGB - SOLUTO<\/title>\n<meta name=\"robots\" content=\"index, follow, max-snippet:-1, max-image-preview:large, max-video-preview:-1\" \/>\n<link rel=\"canonical\" href=\"https:\/\/www.soluto.cc\/agb\/\" \/>\n<meta property=\"og:locale\" content=\"de_DE\" \/>\n<meta property=\"og:type\" content=\"article\" \/>\n<meta property=\"og:title\" content=\"AGB - SOLUTO\" \/>\n<meta property=\"og:description\" content=\"Allgemeine\u00a0Gesch\u00e4ftsbedingungen Verantwortlicher: SOLUTO Vertriebs GmbHZagler Stra\u00dfe 4, 2111 Tresdorffranchise@soluto.cc+43 2262 726601. Geltungsbereich 1.1. Diese AGB sind unbeschadet abweichender schriftlicher Vereinbarungen im Einzelfall Bestandteil s\u00e4mtlicher Gesch\u00e4fte des AN. 2. Allgemeines 2.1. Als Vertragsbestandteil gelten bei Widerspr\u00fcchen in nachstehender Reihenfolge: 1. der Bauwerkvertrag; 2. Bau- und Leistungsbeschreibung; 3. Pl\u00e4ne, Zeichnungen, Beschreibungen und andere Ausf\u00fchrungsunterlagen; 4. diese Allgemeinen [&hellip;]\" \/>\n<meta property=\"og:url\" content=\"https:\/\/www.soluto.cc\/agb\/\" \/>\n<meta property=\"og:site_name\" content=\"SOLUTO\" \/>\n<meta property=\"article:publisher\" content=\"https:\/\/www.facebook.com\/soluto.zentrale\" \/>\n<meta property=\"article:modified_time\" content=\"2026-04-08T10:15:25+00:00\" \/>\n<meta name=\"twitter:card\" content=\"summary_large_image\" \/>\n<meta name=\"twitter:label1\" content=\"Gesch\u00e4tzte Lesezeit\" \/>\n\t<meta name=\"twitter:data1\" content=\"7\u00a0Minuten\" \/>\n<script type=\"application\/ld+json\" class=\"yoast-schema-graph\">{\"@context\":\"https:\/\/schema.org\",\"@graph\":[{\"@type\":\"WebPage\",\"@id\":\"https:\/\/www.soluto.cc\/agb\/\",\"url\":\"https:\/\/www.soluto.cc\/agb\/\",\"name\":\"AGB - SOLUTO\",\"isPartOf\":{\"@id\":\"https:\/\/www.soluto.cc\/#website\"},\"datePublished\":\"2018-10-02T13:45:48+00:00\",\"dateModified\":\"2026-04-08T10:15:25+00:00\",\"breadcrumb\":{\"@id\":\"https:\/\/www.soluto.cc\/agb\/#breadcrumb\"},\"inLanguage\":\"de\",\"potentialAction\":[{\"@type\":\"ReadAction\",\"target\":[\"https:\/\/www.soluto.cc\/agb\/\"]}]},{\"@type\":\"BreadcrumbList\",\"@id\":\"https:\/\/www.soluto.cc\/agb\/#breadcrumb\",\"itemListElement\":[{\"@type\":\"ListItem\",\"position\":1,\"name\":\"Startseite\",\"item\":\"https:\/\/www.soluto.cc\/\"},{\"@type\":\"ListItem\",\"position\":2,\"name\":\"AGB\"}]},{\"@type\":\"WebSite\",\"@id\":\"https:\/\/www.soluto.cc\/#website\",\"url\":\"https:\/\/www.soluto.cc\/\",\"name\":\"SOLUTO\",\"description\":\"SOLUTO - Brand- und Wasserschadensanierung, Rohr- und Kanalsanierung\",\"publisher\":{\"@id\":\"https:\/\/www.soluto.cc\/#organization\"},\"potentialAction\":[{\"@type\":\"SearchAction\",\"target\":{\"@type\":\"EntryPoint\",\"urlTemplate\":\"https:\/\/www.soluto.cc\/?s={search_term_string}\"},\"query-input\":{\"@type\":\"PropertyValueSpecification\",\"valueRequired\":true,\"valueName\":\"search_term_string\"}}],\"inLanguage\":\"de\"},{\"@type\":\"Organization\",\"@id\":\"https:\/\/www.soluto.cc\/#organization\",\"name\":\"SOLUTO\",\"url\":\"https:\/\/www.soluto.cc\/\",\"logo\":{\"@type\":\"ImageObject\",\"inLanguage\":\"de\",\"@id\":\"https:\/\/www.soluto.cc\/#\/schema\/logo\/image\/\",\"url\":\"https:\/\/www.soluto.cc\/wp-content\/uploads\/2017\/11\/soluto-logo_neu.png\",\"contentUrl\":\"https:\/\/www.soluto.cc\/wp-content\/uploads\/2017\/11\/soluto-logo_neu.png\",\"width\":311,\"height\":198,\"caption\":\"SOLUTO\"},\"image\":{\"@id\":\"https:\/\/www.soluto.cc\/#\/schema\/logo\/image\/\"},\"sameAs\":[\"https:\/\/www.facebook.com\/soluto.zentrale\",\"https:\/\/www.instagram.com\/soluto.official\/\",\"https:\/\/www.linkedin.com\/company\/soluto-vertriebs-gmbh\",\"https:\/\/www.youtube.com\/@soluto3512\"]}]}<\/script>\n<!-- \/ Yoast SEO plugin. -->","yoast_head_json":{"title":"AGB - SOLUTO","robots":{"index":"index","follow":"follow","max-snippet":"max-snippet:-1","max-image-preview":"max-image-preview:large","max-video-preview":"max-video-preview:-1"},"canonical":"https:\/\/www.soluto.cc\/agb\/","og_locale":"de_DE","og_type":"article","og_title":"AGB - SOLUTO","og_description":"Allgemeine\u00a0Gesch\u00e4ftsbedingungen Verantwortlicher: SOLUTO Vertriebs GmbHZagler Stra\u00dfe 4, 2111 Tresdorffranchise@soluto.cc+43 2262 726601. Geltungsbereich 1.1. Diese AGB sind unbeschadet abweichender schriftlicher Vereinbarungen im Einzelfall Bestandteil s\u00e4mtlicher Gesch\u00e4fte des AN. 2. Allgemeines 2.1. Als Vertragsbestandteil gelten bei Widerspr\u00fcchen in nachstehender Reihenfolge: 1. der Bauwerkvertrag; 2. Bau- und Leistungsbeschreibung; 3. Pl\u00e4ne, Zeichnungen, Beschreibungen und andere Ausf\u00fchrungsunterlagen; 4. diese Allgemeinen [&hellip;]","og_url":"https:\/\/www.soluto.cc\/agb\/","og_site_name":"SOLUTO","article_publisher":"https:\/\/www.facebook.com\/soluto.zentrale","article_modified_time":"2026-04-08T10:15:25+00:00","twitter_card":"summary_large_image","twitter_misc":{"Gesch\u00e4tzte Lesezeit":"7\u00a0Minuten"},"schema":{"@context":"https:\/\/schema.org","@graph":[{"@type":"WebPage","@id":"https:\/\/www.soluto.cc\/agb\/","url":"https:\/\/www.soluto.cc\/agb\/","name":"AGB - SOLUTO","isPartOf":{"@id":"https:\/\/www.soluto.cc\/#website"},"datePublished":"2018-10-02T13:45:48+00:00","dateModified":"2026-04-08T10:15:25+00:00","breadcrumb":{"@id":"https:\/\/www.soluto.cc\/agb\/#breadcrumb"},"inLanguage":"de","potentialAction":[{"@type":"ReadAction","target":["https:\/\/www.soluto.cc\/agb\/"]}]},{"@type":"BreadcrumbList","@id":"https:\/\/www.soluto.cc\/agb\/#breadcrumb","itemListElement":[{"@type":"ListItem","position":1,"name":"Startseite","item":"https:\/\/www.soluto.cc\/"},{"@type":"ListItem","position":2,"name":"AGB"}]},{"@type":"WebSite","@id":"https:\/\/www.soluto.cc\/#website","url":"https:\/\/www.soluto.cc\/","name":"SOLUTO","description":"SOLUTO - Brand- und Wasserschadensanierung, Rohr- und Kanalsanierung","publisher":{"@id":"https:\/\/www.soluto.cc\/#organization"},"potentialAction":[{"@type":"SearchAction","target":{"@type":"EntryPoint","urlTemplate":"https:\/\/www.soluto.cc\/?s={search_term_string}"},"query-input":{"@type":"PropertyValueSpecification","valueRequired":true,"valueName":"search_term_string"}}],"inLanguage":"de"},{"@type":"Organization","@id":"https:\/\/www.soluto.cc\/#organization","name":"SOLUTO","url":"https:\/\/www.soluto.cc\/","logo":{"@type":"ImageObject","inLanguage":"de","@id":"https:\/\/www.soluto.cc\/#\/schema\/logo\/image\/","url":"https:\/\/www.soluto.cc\/wp-content\/uploads\/2017\/11\/soluto-logo_neu.png","contentUrl":"https:\/\/www.soluto.cc\/wp-content\/uploads\/2017\/11\/soluto-logo_neu.png","width":311,"height":198,"caption":"SOLUTO"},"image":{"@id":"https:\/\/www.soluto.cc\/#\/schema\/logo\/image\/"},"sameAs":["https:\/\/www.facebook.com\/soluto.zentrale","https:\/\/www.instagram.com\/soluto.official\/","https:\/\/www.linkedin.com\/company\/soluto-vertriebs-gmbh","https:\/\/www.youtube.com\/@soluto3512"]}]}},"_links":{"self":[{"href":"https:\/\/www.soluto.cc\/de\/wp-json\/wp\/v2\/pages\/1367","targetHints":{"allow":["GET"]}}],"collection":[{"href":"https:\/\/www.soluto.cc\/de\/wp-json\/wp\/v2\/pages"}],"about":[{"href":"https:\/\/www.soluto.cc\/de\/wp-json\/wp\/v2\/types\/page"}],"author":[{"embeddable":true,"href":"https:\/\/www.soluto.cc\/de\/wp-json\/wp\/v2\/users\/2"}],"replies":[{"embeddable":true,"href":"https:\/\/www.soluto.cc\/de\/wp-json\/wp\/v2\/comments?post=1367"}],"version-history":[{"count":7,"href":"https:\/\/www.soluto.cc\/de\/wp-json\/wp\/v2\/pages\/1367\/revisions"}],"predecessor-version":[{"id":14285209,"href":"https:\/\/www.soluto.cc\/de\/wp-json\/wp\/v2\/pages\/1367\/revisions\/14285209"}],"wp:attachment":[{"href":"https:\/\/www.soluto.cc\/de\/wp-json\/wp\/v2\/media?parent=1367"}],"curies":[{"name":"wp","href":"https:\/\/api.w.org\/{rel}","templated":true}]}}