{"id":14285081,"date":"2026-03-12T14:07:10","date_gmt":"2026-03-12T13:07:10","guid":{"rendered":"https:\/\/www.soluto.cc\/?page_id=14285081"},"modified":"2026-04-13T08:02:01","modified_gmt":"2026-04-13T07:02:01","slug":"leistungen-de","status":"publish","type":"page","link":"https:\/\/www.soluto.cc\/de\/leistungen-de\/","title":{"rendered":"Leistungen DE"},"content":{"rendered":"<p>[et_pb_section fb_built=&#8220;1&#8243; admin_label=&#8220;Leistungen&#8220; _builder_version=&#8220;4.16&#8243; _module_preset=&#8220;default&#8220; custom_padding=&#8220;||5%||false|false&#8220; locked=&#8220;off&#8220; global_colors_info=&#8220;{}&#8220;][et_pb_row _builder_version=&#8220;4.16&#8243; _module_preset=&#8220;default&#8220; custom_margin=&#8220;0px||0px||false|false&#8220; custom_padding=&#8220;0px||0px||false|false&#8220; global_colors_info=&#8220;{}&#8220;][et_pb_column type=&#8220;4_4&#8243; _builder_version=&#8220;4.16&#8243; _module_preset=&#8220;default&#8220; global_colors_info=&#8220;{}&#8220;][et_pb_text _builder_version=&#8220;4.16&#8243; text_font=&#8220;|||on|||||&#8220; header_2_text_color=&#8220;#507b97&#8243; custom_margin=&#8220;||0px||false|false&#8220; global_colors_info=&#8220;{}&#8220;]<\/p>\n<div class=\"et_pb_module et_pb_text et_pb_text_6  et_pb_text_align_left et_pb_bg_layout_light\">\n<div class=\"et_pb_text_inner\">\n<h1 style=\"text-align: center;\">Unsere Services und Leistungen<\/h1>\n<\/div>\n<\/div>\n<p>[\/et_pb_text][et_pb_divider divider_weight=&#8220;3px&#8220; _builder_version=&#8220;4.16&#8243; width=&#8220;60px&#8220; module_alignment=&#8220;center&#8220; custom_margin=&#8220;||0px||false|false&#8220; global_colors_info=&#8220;{}&#8220;][\/et_pb_divider][et_pb_text _builder_version=&#8220;4.16&#8243; _module_preset=&#8220;default&#8220; global_colors_info=&#8220;{}&#8220;]<\/p>\n<p style=\"text-align: center;\"><a href=\"https:\/\/issuu.com\/soluto_official\/docs\/produktfolder_2021_final_f_r_flipbook?fr=sNDQ5ZjQ2NjAyNDY\" target=\"_blank\" rel=\"noopener\"><span>\u2192 Z<\/span>u unserem Produktfolder<\/a><\/p>\n<p>[\/et_pb_text][\/et_pb_column][\/et_pb_row][et_pb_row column_structure=&#8220;1_3,1_3,1_3&#8243; module_class=&#8220;ark-leistungen-row&#8220; _builder_version=&#8220;4.16&#8243; _module_preset=&#8220;default&#8220; custom_margin=&#8220;||0px||false|false&#8220; custom_padding=&#8220;||0px||false|false&#8220; global_colors_info=&#8220;{}&#8220; theme_builder_area=&#8220;post_content&#8220;][et_pb_column type=&#8220;1_3&#8243; _builder_version=&#8220;4.16&#8243; _module_preset=&#8220;default&#8220; background_enable_color=&#8220;off&#8220; global_colors_info=&#8220;{}&#8220; theme_builder_area=&#8220;post_content&#8220;][et_pb_blurb title=&#8220;Brandschadensanierung&#8220; image=&#8220;https:\/\/www.soluto.cc\/wp-content\/uploads\/2026\/04\/Brandschadensanierung.png&#8220; alt=&#8220;brandschaden&#8220; image_icon_width=&#8220;56px&#8220; module_class=&#8220;ark-leistungen-blurbs&#8220; _builder_version=&#8220;4.27.4&#8243; _module_preset=&#8220;default&#8220; header_level=&#8220;h3&#8243; header_text_align=&#8220;center&#8220; header_font_size=&#8220;16px&#8220; custom_padding=&#8220;||||false|false&#8220; animation_direction=&#8220;right&#8220; animation=&#8220;off&#8220; hover_transition_delay=&#8220;10ms&#8220; header_font_size_tablet=&#8220;16px&#8220; header_font_size_phone=&#8220;14px&#8220; header_font_size_last_edited=&#8220;on|phone&#8220; global_colors_info=&#8220;{}&#8220; theme_builder_area=&#8220;post_content&#8220;][\/et_pb_blurb][et_pb_toggle title=&#8220;SOLUTO reinigt und saniert nach Brandsch\u00e4den umfassend. Die Abwicklung und Sanierung von Brandsch\u00e4den erfordert echte Spezialisten. Von der Analyse der giftigen Brandr\u00fcckst\u00e4nde&#8230;&#8220; open_toggle_text_color=&#8220;#35647E&#8220; closed_toggle_text_color=&#8220;#35647E&#8220; icon_color=&#8220;#F85521&#8243; toggle_icon=&#8220;&#xf141;||fa||900&#8243; use_icon_font_size=&#8220;on&#8220; icon_font_size=&#8220;20px&#8220; open_icon_color=&#8220;#F85521&#8243; open_toggle_icon=&#8220;&#xf141;||fa||900&#8243; open_use_icon_font_size=&#8220;on&#8220; open_icon_font_size=&#8220;20px&#8220; module_class=&#8220;ark-leistungen-toggle&#8220; _builder_version=&#8220;4.16&#8243; _module_preset=&#8220;default&#8220; title_text_color=&#8220;#35647E&#8220; title_level=&#8220;h3&#8243; title_font_size=&#8220;14px&#8220; body_font_size=&#8220;14px&#8220; background_color=&#8220;#FFFFFF&#8220; text_orientation=&#8220;left&#8220; global_colors_info=&#8220;{}&#8220; theme_builder_area=&#8220;post_content&#8220;]<\/p>\n<p><span>&#8230; \u00fcber eine erfolgreiche Reinigung samt Beseitigung des L\u00f6schwassers bis zur Sanierung der gesch\u00e4digten Bausubstanz: Soluto hilft Ihnen, das Geb\u00e4ude so zu renovieren, dass es wieder wie zuvor wird. Manchmal sogar noch besser.<\/span><\/p>\n<p><a href=\"https:\/\/www.soluto.cc\/leistungen\/brandschadensanierung\/\"><span>Mehr erfahren<\/span><\/a><\/p>\n<p>[\/et_pb_toggle][\/et_pb_column][et_pb_column type=&#8220;1_3&#8243; _builder_version=&#8220;4.16&#8243; _module_preset=&#8220;default&#8220; global_colors_info=&#8220;{}&#8220; theme_builder_area=&#8220;post_content&#8220;][et_pb_blurb title=&#8220;Wasserschadensanierung&#8220; image=&#8220;https:\/\/www.soluto.cc\/wp-content\/uploads\/2026\/04\/Wasserschadensanierung.png&#8220; alt=&#8220;brandschaden&#8220; image_icon_width=&#8220;56px&#8220; module_class=&#8220;ark-leistungen-blurbs&#8220; _builder_version=&#8220;4.27.4&#8243; _module_preset=&#8220;default&#8220; header_level=&#8220;h3&#8243; header_text_align=&#8220;center&#8220; header_font_size=&#8220;16px&#8220; custom_padding=&#8220;||||false|false&#8220; animation_direction=&#8220;right&#8220; animation=&#8220;off&#8220; hover_transition_delay=&#8220;10ms&#8220; header_font_size_tablet=&#8220;16px&#8220; header_font_size_phone=&#8220;14px&#8220; header_font_size_last_edited=&#8220;on|phone&#8220; global_colors_info=&#8220;{}&#8220; theme_builder_area=&#8220;post_content&#8220;][\/et_pb_blurb][et_pb_toggle title=&#8220;SOLUTO setzt bei der Sanierung auf Nachhaltigkeit. Nicht nur kurzfristige Trocknung ist das Ziel, sondern langfristige Wiederherstellung. Das hei\u00dft, wir stellen nicht einfach Trocknungsger\u00e4te auf&#8230;&#8220; open_toggle_text_color=&#8220;#35647E&#8220; closed_toggle_text_color=&#8220;#35647E&#8220; icon_color=&#8220;#F85521&#8243; toggle_icon=&#8220;&#xf141;||fa||900&#8243; use_icon_font_size=&#8220;on&#8220; icon_font_size=&#8220;20px&#8220; open_icon_color=&#8220;#F85521&#8243; open_toggle_icon=&#8220;&#xf141;||fa||900&#8243; open_use_icon_font_size=&#8220;on&#8220; open_icon_font_size=&#8220;20px&#8220; module_class=&#8220;ark-leistungen-toggle&#8220; _builder_version=&#8220;4.16&#8243; _module_preset=&#8220;default&#8220; title_text_color=&#8220;#35647E&#8220; title_level=&#8220;h3&#8243; title_font_size=&#8220;14px&#8220; body_font_size=&#8220;14px&#8220; background_color=&#8220;#FFFFFF&#8220; text_orientation=&#8220;left&#8220; global_colors_info=&#8220;{}&#8220; theme_builder_area=&#8220;post_content&#8220;]<\/p>\n<p><span>Unser Ansatz lautet: gr\u00fcndliche, nachhaltige Beseitigung der Sch\u00e4den, damit Langzeitsch\u00e4den weitestgehend ausgeschlossen werden k\u00f6nnen. Das unterscheidet SOLUTO von den meisten Mitbewerbern. Jahrzehntelange Erfahrung und das bauphysikalische Know-how in der Brand- und Wasserschadensanierung macht SOLUTO zum ersten Ansprechpartner f\u00fcr Privat- und Gewerbekunden, die eine nachhaltige L\u00f6sung im Schadensfall w\u00fcnschen.<\/span><\/p>\n<p><a href=\"https:\/\/www.soluto.cc\/leistungen\/wasserschadensanierung\/\"><span>Mehr erfahren<\/span><\/a><\/p>\n<p>[\/et_pb_toggle][\/et_pb_column][et_pb_column type=&#8220;1_3&#8243; _builder_version=&#8220;4.16&#8243; _module_preset=&#8220;default&#8220; global_colors_info=&#8220;{}&#8220; theme_builder_area=&#8220;post_content&#8220;][et_pb_blurb title=&#8220;Leckageortung&#8220; image=&#8220;https:\/\/www.soluto.cc\/wp-content\/uploads\/2026\/04\/Leckortung.png&#8220; alt=&#8220;brandschaden&#8220; image_icon_width=&#8220;56px&#8220; module_class=&#8220;ark-leistungen-blurbs&#8220; _builder_version=&#8220;4.27.4&#8243; _module_preset=&#8220;default&#8220; header_level=&#8220;h3&#8243; header_text_align=&#8220;center&#8220; header_font_size=&#8220;16px&#8220; custom_padding=&#8220;||||false|false&#8220; animation_direction=&#8220;right&#8220; animation=&#8220;off&#8220; hover_transition_delay=&#8220;10ms&#8220; header_font_size_tablet=&#8220;16px&#8220; header_font_size_phone=&#8220;14px&#8220; header_font_size_last_edited=&#8220;on|phone&#8220; global_colors_info=&#8220;{}&#8220; theme_builder_area=&#8220;post_content&#8220;][\/et_pb_blurb][et_pb_toggle title=&#8220;Die SOLUTO Leckageortung f\u00fcr Wasserleitungen und Heizung. Wir finden Lecks und Undichtheiten, wo andere schon aufgegeben haben. Dabei werden unterschiedliche Leckageortungsverfahren eingesetzt&#8230;&#8220; open_toggle_text_color=&#8220;#35647E&#8220; closed_toggle_text_color=&#8220;#35647E&#8220; icon_color=&#8220;#F85521&#8243; toggle_icon=&#8220;&#xf141;||fa||900&#8243; use_icon_font_size=&#8220;on&#8220; icon_font_size=&#8220;20px&#8220; open_icon_color=&#8220;#F85521&#8243; open_toggle_icon=&#8220;&#xf141;||fa||900&#8243; open_use_icon_font_size=&#8220;on&#8220; open_icon_font_size=&#8220;20px&#8220; module_class=&#8220;ark-leistungen-toggle&#8220; _builder_version=&#8220;4.16&#8243; _module_preset=&#8220;default&#8220; title_text_color=&#8220;#35647E&#8220; title_level=&#8220;h3&#8243; title_font_size=&#8220;14px&#8220; body_font_size=&#8220;14px&#8220; background_color=&#8220;#FFFFFF&#8220; text_orientation=&#8220;left&#8220; global_colors_info=&#8220;{}&#8220; theme_builder_area=&#8220;post_content&#8220;]<\/p>\n<p><span>Je nach Gegebenheiten und vorhandenen Baustoffen und nachdem, welche Leitung betroffen ist. Mit den ermittelten Daten l\u00e4sst sich entscheiden, wie eine erfolgreiche Sanierung ohne hohe Folgekosten durchgef\u00fchrt werden kann. SOLUTO ist Ihr Leckageortungsspezialist, wenn\u2019s einfach, sauber, sicher und schnell gehen soll.<\/span><\/p>\n<p><a href=\"https:\/\/www.soluto.cc\/leistungen\/leckortung\/\"><span>Mehr erfahren<\/span><\/a><\/p>\n<p>[\/et_pb_toggle][\/et_pb_column][\/et_pb_row][et_pb_row column_structure=&#8220;1_2,1_2&#8243; module_class=&#8220;ark-leistungen-row&#8220; _builder_version=&#8220;4.27.4&#8243; _module_preset=&#8220;default&#8220; custom_margin=&#8220;||0px||false|false&#8220; custom_padding=&#8220;||0px||false|false&#8220; global_colors_info=&#8220;{}&#8220; theme_builder_area=&#8220;post_content&#8220;][et_pb_column type=&#8220;1_2&#8243; _builder_version=&#8220;4.16&#8243; _module_preset=&#8220;default&#8220; background_enable_color=&#8220;off&#8220; global_colors_info=&#8220;{}&#8220; theme_builder_area=&#8220;post_content&#8220;][et_pb_blurb title=&#8220;Kanal- &#038; Abflussverstopfungsbehebung&#8220; image=&#8220;https:\/\/www.soluto.cc\/wp-content\/uploads\/2026\/04\/Kanal-und-Abflussverstopfung.png&#8220; alt=&#8220;brandschaden&#8220; image_icon_width=&#8220;56px&#8220; module_class=&#8220;ark-leistungen-blurbs&#8220; _builder_version=&#8220;4.27.4&#8243; _module_preset=&#8220;default&#8220; header_level=&#8220;h3&#8243; header_text_align=&#8220;center&#8220; header_font_size=&#8220;16px&#8220; custom_padding=&#8220;||||false|false&#8220; animation_direction=&#8220;right&#8220; animation=&#8220;off&#8220; hover_transition_delay=&#8220;10ms&#8220; header_font_size_tablet=&#8220;16px&#8220; header_font_size_phone=&#8220;14px&#8220; header_font_size_last_edited=&#8220;on|phone&#8220; global_colors_info=&#8220;{}&#8220; theme_builder_area=&#8220;post_content&#8220;][\/et_pb_blurb][et_pb_toggle title=&#8220;SOLUTO reinigt Rohr, Abfluss und Kanal sauber und zuverl\u00e4ssig. Ob K\u00fcchenablauf, Abfallstrang, Kanal im Keller oder in den Au\u00dfenanlagen bei Verstopfungen und wenn&#8230;&#8220; open_toggle_text_color=&#8220;#35647E&#8220; closed_toggle_text_color=&#8220;#35647E&#8220; icon_color=&#8220;#F85521&#8243; toggle_icon=&#8220;&#xf141;||fa||900&#8243; use_icon_font_size=&#8220;on&#8220; icon_font_size=&#8220;20px&#8220; open_icon_color=&#8220;#F85521&#8243; open_toggle_icon=&#8220;&#xf141;||fa||900&#8243; open_use_icon_font_size=&#8220;on&#8220; open_icon_font_size=&#8220;20px&#8220; module_class=&#8220;ark-leistungen-toggle&#8220; _builder_version=&#8220;4.16&#8243; _module_preset=&#8220;default&#8220; title_text_color=&#8220;#35647E&#8220; title_level=&#8220;h3&#8243; title_font_size=&#8220;14px&#8220; body_font_size=&#8220;14px&#8220; background_color=&#8220;#FFFFFF&#8220; text_orientation=&#8220;left&#8220; title_font_size_tablet=&#8220;14px&#8220; title_font_size_phone=&#8220;14px&#8220; title_font_size_last_edited=&#8220;on|desktop&#8220; global_colors_info=&#8220;{}&#8220; theme_builder_area=&#8220;post_content&#8220;]<\/p>\n<p><span>&#8230; das Wasser nur mehr z\u00f6gerlich oder nicht mehr abflie\u00dft. SOLUTO ist an 365 Tagen im Jahr rund um die Uhr f\u00fcr Sie da. Im Zuge von <\/span><a href=\"https:\/\/www.soluto.cc\/leistungen\/rohrreinigung\/\" title=\"Rohrreinigung\">Rohrreinigung<\/a><span>\u00a0oder\u00a0<\/span><a href=\"https:\/\/www.soluto.cc\/leistungen\/kanalreinigung\/\" title=\"Kanalreinigung\">Kanalreinigung<\/a><span>\u00a0beheben wir die Verstopfung, entfernen Ablagerungen und kontrollieren die Rohrleitungen mittels\u00a0<\/span><a href=\"https:\/\/www.soluto.cc\/leistungen\/kanal-tv-inspektion\/\" title=\"Kanal-TV-Inspektion\">Kanal-Kamera<\/a><span>. Wir verrechnen unsere Eins\u00e4tze auch \u00fcber Ihre Hausverwaltung oder Versicherung.<\/span><\/p>\n<p><a href=\"https:\/\/www.soluto.cc\/leistungen\/kanal-abfluss-verstopfungsbehebung\/\"><span>Mehr erfahren<\/span><\/a><\/p>\n<p>[\/et_pb_toggle][\/et_pb_column][et_pb_column type=&#8220;1_2&#8243; _builder_version=&#8220;4.16&#8243; _module_preset=&#8220;default&#8220; global_colors_info=&#8220;{}&#8220; theme_builder_area=&#8220;post_content&#8220;][et_pb_blurb title=&#8220;Rohrsanierung&#8220; image=&#8220;https:\/\/www.soluto.cc\/wp-content\/uploads\/2026\/04\/Rohrsanierung.png&#8220; alt=&#8220;rohrkanalsanierung&#8220; image_icon_width=&#8220;56px&#8220; module_class=&#8220;ark-leistungen-blurbs&#8220; _builder_version=&#8220;4.27.4&#8243; _module_preset=&#8220;default&#8220; header_level=&#8220;h3&#8243; header_text_align=&#8220;center&#8220; header_font_size=&#8220;16px&#8220; custom_padding=&#8220;||||false|false&#8220; animation_direction=&#8220;right&#8220; animation=&#8220;off&#8220; hover_transition_delay=&#8220;10ms&#8220; header_font_size_tablet=&#8220;16px&#8220; header_font_size_phone=&#8220;14px&#8220; header_font_size_last_edited=&#8220;on|phone&#8220; global_colors_info=&#8220;{}&#8220; theme_builder_area=&#8220;post_content&#8220;][\/et_pb_blurb][et_pb_toggle title=&#8220;SOLUTO saniert Rohre ohne Stemmen. Wir sanieren defekte Rohre kosteng\u00fcnstig ohne Schmutz und L\u00e4rm \u2013 und ohne Stemmarbeiten\u2026&#8220; open_toggle_text_color=&#8220;#35647E&#8220; closed_toggle_text_color=&#8220;#35647E&#8220; icon_color=&#8220;#F85521&#8243; toggle_icon=&#8220;&#xf141;||fa||900&#8243; use_icon_font_size=&#8220;on&#8220; icon_font_size=&#8220;20px&#8220; open_icon_color=&#8220;#F85521&#8243; open_toggle_icon=&#8220;&#xf141;||fa||900&#8243; open_use_icon_font_size=&#8220;on&#8220; open_icon_font_size=&#8220;20px&#8220; module_class=&#8220;ark-leistungen-toggle&#8220; _builder_version=&#8220;4.20.0&#8243; _module_preset=&#8220;default&#8220; title_text_color=&#8220;#35647E&#8220; title_level=&#8220;h3&#8243; title_font_size=&#8220;14px&#8220; body_font_size=&#8220;14px&#8220; background_color=&#8220;#FFFFFF&#8220; text_orientation=&#8220;left&#8220; global_colors_info=&#8220;{}&#8220; theme_builder_area=&#8220;post_content&#8220;]<\/p>\n<p><strong>Das SOLUTO Flutungsverfahren saniert undichte:<br \/><\/strong><\/p>\n<ul>\n<li>Heizungsanlagen<\/li>\n<li>Fu\u00dfbodenheizungen<\/li>\n<li>Gasleitungen<\/li>\n<\/ul>\n<p>Beim Flutungsverfahren werden Rohrleitungen schadensfrei saniert.<\/p>\n<p><a href=\"https:\/\/www.soluto.cc\/leistungen\/rohrsanierung\/\">Mehr erfahren<\/a><\/p>\n<p>[\/et_pb_toggle][\/et_pb_column][\/et_pb_row][\/et_pb_section]<\/p>\n","protected":false},"excerpt":{"rendered":"<p>Unsere Services und Leistungen \u2192 Zu unserem Produktfolder&#8230; \u00fcber eine erfolgreiche Reinigung samt Beseitigung des L\u00f6schwassers bis zur Sanierung der gesch\u00e4digten Bausubstanz: Soluto hilft Ihnen, das Geb\u00e4ude so zu renovieren, dass es wieder wie zuvor wird. Manchmal sogar noch besser. Mehr erfahrenUnser Ansatz lautet: gr\u00fcndliche, nachhaltige Beseitigung der Sch\u00e4den, damit Langzeitsch\u00e4den weitestgehend ausgeschlossen werden k\u00f6nnen. [&hellip;]<\/p>\n","protected":false},"author":19,"featured_media":0,"parent":0,"menu_order":20,"comment_status":"closed","ping_status":"closed","template":"","meta":{"_et_pb_use_builder":"on","_et_pb_old_content":"","_et_gb_content_width":"","om_disable_all_campaigns":false,"_sitemap_exclude":false,"_sitemap_priority":"","_sitemap_frequency":"","_monsterinsights_skip_tracking":false,"_monsterinsights_sitenote_active":false,"_monsterinsights_sitenote_note":"","_monsterinsights_sitenote_category":0,"footnotes":""},"class_list":["post-14285081","page","type-page","status-publish","hentry"],"yoast_head":"<!-- This site is optimized with the Yoast SEO plugin v25.5 - https:\/\/yoast.com\/wordpress\/plugins\/seo\/ -->\n<title>Leistungen DE - SOLUTO<\/title>\n<meta name=\"robots\" content=\"index, follow, max-snippet:-1, max-image-preview:large, max-video-preview:-1\" \/>\n<link rel=\"canonical\" href=\"https:\/\/www.soluto.cc\/de\/leistungen-de\/\" \/>\n<meta property=\"og:locale\" content=\"de_DE\" \/>\n<meta property=\"og:type\" content=\"article\" \/>\n<meta property=\"og:title\" content=\"Leistungen DE - SOLUTO\" \/>\n<meta property=\"og:description\" content=\"Unsere Services und Leistungen \u2192 Zu unserem Produktfolder... \u00fcber eine erfolgreiche Reinigung samt Beseitigung des L\u00f6schwassers bis zur Sanierung der gesch\u00e4digten Bausubstanz: Soluto hilft Ihnen, das Geb\u00e4ude so zu renovieren, dass es wieder wie zuvor wird. Manchmal sogar noch besser. Mehr erfahrenUnser Ansatz lautet: gr\u00fcndliche, nachhaltige Beseitigung der Sch\u00e4den, damit Langzeitsch\u00e4den weitestgehend ausgeschlossen werden k\u00f6nnen. [&hellip;]\" \/>\n<meta property=\"og:url\" content=\"https:\/\/www.soluto.cc\/de\/leistungen-de\/\" \/>\n<meta property=\"og:site_name\" content=\"SOLUTO\" \/>\n<meta property=\"article:publisher\" content=\"https:\/\/www.facebook.com\/soluto.zentrale\" \/>\n<meta property=\"article:modified_time\" content=\"2026-04-13T07:02:01+00:00\" \/>\n<meta name=\"twitter:card\" content=\"summary_large_image\" \/>\n<meta name=\"twitter:label1\" content=\"Gesch\u00e4tzte Lesezeit\" \/>\n\t<meta name=\"twitter:data1\" content=\"4\u00a0Minuten\" \/>\n<script type=\"application\/ld+json\" class=\"yoast-schema-graph\">{\"@context\":\"https:\/\/schema.org\",\"@graph\":[{\"@type\":\"WebPage\",\"@id\":\"https:\/\/www.soluto.cc\/de\/leistungen-de\/\",\"url\":\"https:\/\/www.soluto.cc\/de\/leistungen-de\/\",\"name\":\"Leistungen DE - SOLUTO\",\"isPartOf\":{\"@id\":\"https:\/\/www.soluto.cc\/#website\"},\"datePublished\":\"2026-03-12T13:07:10+00:00\",\"dateModified\":\"2026-04-13T07:02:01+00:00\",\"breadcrumb\":{\"@id\":\"https:\/\/www.soluto.cc\/de\/leistungen-de\/#breadcrumb\"},\"inLanguage\":\"de\",\"potentialAction\":[{\"@type\":\"ReadAction\",\"target\":[\"https:\/\/www.soluto.cc\/de\/leistungen-de\/\"]}]},{\"@type\":\"BreadcrumbList\",\"@id\":\"https:\/\/www.soluto.cc\/de\/leistungen-de\/#breadcrumb\",\"itemListElement\":[{\"@type\":\"ListItem\",\"position\":1,\"name\":\"Startseite\",\"item\":\"https:\/\/www.soluto.cc\/\"},{\"@type\":\"ListItem\",\"position\":2,\"name\":\"Leistungen DE\"}]},{\"@type\":\"WebSite\",\"@id\":\"https:\/\/www.soluto.cc\/#website\",\"url\":\"https:\/\/www.soluto.cc\/\",\"name\":\"SOLUTO\",\"description\":\"SOLUTO - Brand- und Wasserschadensanierung, Rohr- und Kanalsanierung\",\"publisher\":{\"@id\":\"https:\/\/www.soluto.cc\/#organization\"},\"potentialAction\":[{\"@type\":\"SearchAction\",\"target\":{\"@type\":\"EntryPoint\",\"urlTemplate\":\"https:\/\/www.soluto.cc\/?s={search_term_string}\"},\"query-input\":{\"@type\":\"PropertyValueSpecification\",\"valueRequired\":true,\"valueName\":\"search_term_string\"}}],\"inLanguage\":\"de\"},{\"@type\":\"Organization\",\"@id\":\"https:\/\/www.soluto.cc\/#organization\",\"name\":\"SOLUTO\",\"url\":\"https:\/\/www.soluto.cc\/\",\"logo\":{\"@type\":\"ImageObject\",\"inLanguage\":\"de\",\"@id\":\"https:\/\/www.soluto.cc\/#\/schema\/logo\/image\/\",\"url\":\"https:\/\/www.soluto.cc\/wp-content\/uploads\/2017\/11\/soluto-logo_neu.png\",\"contentUrl\":\"https:\/\/www.soluto.cc\/wp-content\/uploads\/2017\/11\/soluto-logo_neu.png\",\"width\":311,\"height\":198,\"caption\":\"SOLUTO\"},\"image\":{\"@id\":\"https:\/\/www.soluto.cc\/#\/schema\/logo\/image\/\"},\"sameAs\":[\"https:\/\/www.facebook.com\/soluto.zentrale\",\"https:\/\/www.instagram.com\/soluto.official\/\",\"https:\/\/www.linkedin.com\/company\/soluto-vertriebs-gmbh\",\"https:\/\/www.youtube.com\/@soluto3512\"]}]}<\/script>\n<!-- \/ Yoast SEO plugin. -->","yoast_head_json":{"title":"Leistungen DE - SOLUTO","robots":{"index":"index","follow":"follow","max-snippet":"max-snippet:-1","max-image-preview":"max-image-preview:large","max-video-preview":"max-video-preview:-1"},"canonical":"https:\/\/www.soluto.cc\/de\/leistungen-de\/","og_locale":"de_DE","og_type":"article","og_title":"Leistungen DE - SOLUTO","og_description":"Unsere Services und Leistungen \u2192 Zu unserem Produktfolder... \u00fcber eine erfolgreiche Reinigung samt Beseitigung des L\u00f6schwassers bis zur Sanierung der gesch\u00e4digten Bausubstanz: Soluto hilft Ihnen, das Geb\u00e4ude so zu renovieren, dass es wieder wie zuvor wird. Manchmal sogar noch besser. Mehr erfahrenUnser Ansatz lautet: gr\u00fcndliche, nachhaltige Beseitigung der Sch\u00e4den, damit Langzeitsch\u00e4den weitestgehend ausgeschlossen werden k\u00f6nnen. [&hellip;]","og_url":"https:\/\/www.soluto.cc\/de\/leistungen-de\/","og_site_name":"SOLUTO","article_publisher":"https:\/\/www.facebook.com\/soluto.zentrale","article_modified_time":"2026-04-13T07:02:01+00:00","twitter_card":"summary_large_image","twitter_misc":{"Gesch\u00e4tzte Lesezeit":"4\u00a0Minuten"},"schema":{"@context":"https:\/\/schema.org","@graph":[{"@type":"WebPage","@id":"https:\/\/www.soluto.cc\/de\/leistungen-de\/","url":"https:\/\/www.soluto.cc\/de\/leistungen-de\/","name":"Leistungen DE - SOLUTO","isPartOf":{"@id":"https:\/\/www.soluto.cc\/#website"},"datePublished":"2026-03-12T13:07:10+00:00","dateModified":"2026-04-13T07:02:01+00:00","breadcrumb":{"@id":"https:\/\/www.soluto.cc\/de\/leistungen-de\/#breadcrumb"},"inLanguage":"de","potentialAction":[{"@type":"ReadAction","target":["https:\/\/www.soluto.cc\/de\/leistungen-de\/"]}]},{"@type":"BreadcrumbList","@id":"https:\/\/www.soluto.cc\/de\/leistungen-de\/#breadcrumb","itemListElement":[{"@type":"ListItem","position":1,"name":"Startseite","item":"https:\/\/www.soluto.cc\/"},{"@type":"ListItem","position":2,"name":"Leistungen DE"}]},{"@type":"WebSite","@id":"https:\/\/www.soluto.cc\/#website","url":"https:\/\/www.soluto.cc\/","name":"SOLUTO","description":"SOLUTO - Brand- und Wasserschadensanierung, Rohr- und Kanalsanierung","publisher":{"@id":"https:\/\/www.soluto.cc\/#organization"},"potentialAction":[{"@type":"SearchAction","target":{"@type":"EntryPoint","urlTemplate":"https:\/\/www.soluto.cc\/?s={search_term_string}"},"query-input":{"@type":"PropertyValueSpecification","valueRequired":true,"valueName":"search_term_string"}}],"inLanguage":"de"},{"@type":"Organization","@id":"https:\/\/www.soluto.cc\/#organization","name":"SOLUTO","url":"https:\/\/www.soluto.cc\/","logo":{"@type":"ImageObject","inLanguage":"de","@id":"https:\/\/www.soluto.cc\/#\/schema\/logo\/image\/","url":"https:\/\/www.soluto.cc\/wp-content\/uploads\/2017\/11\/soluto-logo_neu.png","contentUrl":"https:\/\/www.soluto.cc\/wp-content\/uploads\/2017\/11\/soluto-logo_neu.png","width":311,"height":198,"caption":"SOLUTO"},"image":{"@id":"https:\/\/www.soluto.cc\/#\/schema\/logo\/image\/"},"sameAs":["https:\/\/www.facebook.com\/soluto.zentrale","https:\/\/www.instagram.com\/soluto.official\/","https:\/\/www.linkedin.com\/company\/soluto-vertriebs-gmbh","https:\/\/www.youtube.com\/@soluto3512"]}]}},"_links":{"self":[{"href":"https:\/\/www.soluto.cc\/de\/wp-json\/wp\/v2\/pages\/14285081","targetHints":{"allow":["GET"]}}],"collection":[{"href":"https:\/\/www.soluto.cc\/de\/wp-json\/wp\/v2\/pages"}],"about":[{"href":"https:\/\/www.soluto.cc\/de\/wp-json\/wp\/v2\/types\/page"}],"author":[{"embeddable":true,"href":"https:\/\/www.soluto.cc\/de\/wp-json\/wp\/v2\/users\/19"}],"replies":[{"embeddable":true,"href":"https:\/\/www.soluto.cc\/de\/wp-json\/wp\/v2\/comments?post=14285081"}],"version-history":[{"count":5,"href":"https:\/\/www.soluto.cc\/de\/wp-json\/wp\/v2\/pages\/14285081\/revisions"}],"predecessor-version":[{"id":14285298,"href":"https:\/\/www.soluto.cc\/de\/wp-json\/wp\/v2\/pages\/14285081\/revisions\/14285298"}],"wp:attachment":[{"href":"https:\/\/www.soluto.cc\/de\/wp-json\/wp\/v2\/media?parent=14285081"}],"curies":[{"name":"wp","href":"https:\/\/api.w.org\/{rel}","templated":true}]}}